{"id":10359,"date":"2020-01-05T10:39:03","date_gmt":"2020-01-05T09:39:03","guid":{"rendered":"https:\/\/tecnovagroup.com\/home\/"},"modified":"2020-03-17T15:43:53","modified_gmt":"2020-03-17T14:43:53","slug":"home","status":"publish","type":"page","link":"https:\/\/tecnovagroup.com\/en\/","title":{"rendered":"Home"},"content":{"rendered":"<div id='av-layout-grid-1'  class='av-layout-grid-container av-k510zbvd-2e42441b533755613af3ee7a85d59b7a entry-content-wrapper main_color av-border-top-bottom av-flex-cells  avia-builder-el-0  el_before_av_layout_row  avia-builder-el-first   container_wrap sidebar_right'  >\n\n<style type=\"text\/css\" data-created_by=\"avia_inline_auto\" id=\"style-css-av-k511tz2d-ebe702f265f3064f7d1db85dbfac23db\">\n.flex_cell.av-k511tz2d-ebe702f265f3064f7d1db85dbfac23db{\nvertical-align:middle;\nheight:386px;\nmin-height:386px;\nbackground:url(https:\/\/tecnovagroup.com\/wp-content\/uploads\/2020\/01\/risparmio-energetico-edilizia-6.jpg) 50% 100% no-repeat scroll ;\n}\n.responsive #top #wrap_all .flex_cell.av-k511tz2d-ebe702f265f3064f7d1db85dbfac23db{\npadding:30px 30px 30px 100px !important;\n}\n<\/style>\n<div class='flex_cell av-k511tz2d-ebe702f265f3064f7d1db85dbfac23db av-gridrow-cell av_one_full no_margin  avia-builder-el-1  avia-builder-el-no-sibling ' ><div class='flex_cell_inner'>\n<style type=\"text\/css\" data-created_by=\"avia_inline_auto\" id=\"style-css-av-k5110izk-19d122ef74bd6d22f5791ff37bfa04ea\">\n.flex_column.av-k5110izk-19d122ef74bd6d22f5791ff37bfa04ea{\n-webkit-border-radius:0px 0px 0px 0px;\n-moz-border-radius:0px 0px 0px 0px;\nborder-radius:0px 0px 0px 0px;\npadding:0px 0px 0px 0px;\n}\n<\/style>\n<div class='flex_column av-k5110izk-19d122ef74bd6d22f5791ff37bfa04ea av_two_fifth  avia-builder-el-2  avia-builder-el-no-sibling  first flex_column_div av-zero-column-padding '     ><style type=\"text\/css\" data-created_by=\"avia_inline_auto\" id=\"style-css-av-k516gb1l-1483ac256bb4c30e982bd15cf14e9e22\">\n#top .av-special-heading.av-k516gb1l-1483ac256bb4c30e982bd15cf14e9e22{\npadding-bottom:10px;\n}\nbody .av-special-heading.av-k516gb1l-1483ac256bb4c30e982bd15cf14e9e22 .av-special-heading-tag .heading-char{\nfont-size:25px;\n}\n.av-special-heading.av-k516gb1l-1483ac256bb4c30e982bd15cf14e9e22 .av-subheading{\nfont-size:15px;\n}\n\n@media only screen and (min-width: 768px) and (max-width: 989px){ \n#top #wrap_all .av-special-heading.av-k516gb1l-1483ac256bb4c30e982bd15cf14e9e22 .av-special-heading-tag{\nfont-size:30px;\n}\n}\n\n@media only screen and (min-width: 480px) and (max-width: 767px){ \n#top #wrap_all .av-special-heading.av-k516gb1l-1483ac256bb4c30e982bd15cf14e9e22 .av-special-heading-tag{\nfont-size:26px;\n}\n}\n\n@media only screen and (max-width: 479px){ \n#top #wrap_all .av-special-heading.av-k516gb1l-1483ac256bb4c30e982bd15cf14e9e22 .av-special-heading-tag{\nfont-size:26px;\n}\n}\n<\/style>\n<div  class='av-special-heading av-k516gb1l-1483ac256bb4c30e982bd15cf14e9e22 av-special-heading-h1 blockquote modern-quote  avia-builder-el-3  avia-builder-el-no-sibling '><h1 class='av-special-heading-tag'  itemprop=\"headline\"  >Le nostre soluzioni per il comfort abitativo e la protezione dell\u2019edificio<\/h1><div class=\"special-heading-border\"><div class=\"special-heading-inner-border\"><\/div><\/div><\/div><\/div>\n<\/div><\/div><\/div><div id='av-layout-grid-2'  class='av-layout-grid-container av-k516ce40-0725d3cefeb9380aea6244cd4878dcec entry-content-wrapper main_color av-border-top-bottom av-border-cells av-flex-cells  avia-builder-el-4  el_after_av_layout_row  el_before_av_layout_row  grid-row-not-first  container_wrap sidebar_right'  >\n\n<style type=\"text\/css\" data-created_by=\"avia_inline_auto\" id=\"style-css-av-k517a1wd-500e28063511e8aeb499de22c6a36988\">\n.flex_cell.av-k517a1wd-500e28063511e8aeb499de22c6a36988{\nvertical-align:top;\n}\n.responsive #top #wrap_all .flex_cell.av-k517a1wd-500e28063511e8aeb499de22c6a36988{\npadding:50px 50px 50px 50px !important;\n}\n<\/style>\n<div class='flex_cell av-k517a1wd-500e28063511e8aeb499de22c6a36988 av-gridrow-cell av_one_third no_margin' ><div class='flex_cell_inner'>\n<style type=\"text\/css\" data-created_by=\"avia_inline_auto\" id=\"style-css-av-av_one_full-1e26125d131ba13f1accaa8241be1528\">\n.flex_column.av-av_one_full-1e26125d131ba13f1accaa8241be1528{\n-webkit-border-radius:0px 0px 0px 0px;\n-moz-border-radius:0px 0px 0px 0px;\nborder-radius:0px 0px 0px 0px;\npadding:0px 0px 0px 0px;\n}\n<\/style>\n<div class='flex_column av-av_one_full-1e26125d131ba13f1accaa8241be1528 av_one_full first flex_column_div av-zero-column-padding '     ><p>\n<style type=\"text\/css\" data-created_by=\"avia_inline_auto\" id=\"style-css-av-k5161b3h-0654fbabc5bc221f29f046205f481b66\">\n#top .av-special-heading.av-k5161b3h-0654fbabc5bc221f29f046205f481b66{\npadding-bottom:10px;\n}\nbody .av-special-heading.av-k5161b3h-0654fbabc5bc221f29f046205f481b66 .av-special-heading-tag .heading-char{\nfont-size:25px;\n}\n.av-special-heading.av-k5161b3h-0654fbabc5bc221f29f046205f481b66 .av-subheading{\nfont-size:15px;\n}\n\n@media only screen and (min-width: 768px) and (max-width: 989px){ \n#top #wrap_all .av-special-heading.av-k5161b3h-0654fbabc5bc221f29f046205f481b66 .av-special-heading-tag{\nfont-size:30px;\n}\n}\n\n@media only screen and (min-width: 480px) and (max-width: 767px){ \n#top #wrap_all .av-special-heading.av-k5161b3h-0654fbabc5bc221f29f046205f481b66 .av-special-heading-tag{\nfont-size:26px;\n}\n}\n\n@media only screen and (max-width: 479px){ \n#top #wrap_all .av-special-heading.av-k5161b3h-0654fbabc5bc221f29f046205f481b66 .av-special-heading-tag{\nfont-size:26px;\n}\n}\n<\/style>\n<div  class='av-special-heading av-k5161b3h-0654fbabc5bc221f29f046205f481b66 av-special-heading-h2 blockquote modern-quote modern-centered'><h2 class='av-special-heading-tag'  itemprop=\"headline\"  >Il tuo edificio consuma troppa energia?<\/h2><div class=\"special-heading-border\"><div class=\"special-heading-inner-border\"><\/div><\/div><\/div><br \/>\n\n<style type=\"text\/css\" data-created_by=\"avia_inline_auto\" id=\"style-css-av-k5158wu6-21b1d74cd3e9570bf3c4b37bea94cd50\">\n.avia-image-container.av-k5158wu6-21b1d74cd3e9570bf3c4b37bea94cd50 img.avia_image{\nbox-shadow:none;\n}\n.avia-image-container.av-k5158wu6-21b1d74cd3e9570bf3c4b37bea94cd50 .av-image-caption-overlay-center{\ncolor:#ffffff;\n}\n<\/style>\n<div  class='avia-image-container av-k5158wu6-21b1d74cd3e9570bf3c4b37bea94cd50 av-styling- avia-align-center'   itemprop=\"image\" itemscope=\"itemscope\" itemtype=\"https:\/\/schema.org\/ImageObject\" ><div class=\"avia-image-container-inner\"><div class=\"avia-image-overlay-wrap\"><img decoding=\"async\" class='wp-image-10314 avia-img-lazy-loading-not-10314 avia_image ' src=\"https:\/\/tecnovagroup.com\/wp-content\/uploads\/2020\/01\/eco-house.png\" alt='' title='eco-house'  height=\"128\" width=\"128\"  itemprop=\"thumbnailUrl\" srcset=\"https:\/\/tecnovagroup.com\/wp-content\/uploads\/2020\/01\/eco-house.png 128w, https:\/\/tecnovagroup.com\/wp-content\/uploads\/2020\/01\/eco-house-100x100.png 100w, https:\/\/tecnovagroup.com\/wp-content\/uploads\/2020\/01\/eco-house-80x80.png 80w, https:\/\/tecnovagroup.com\/wp-content\/uploads\/2020\/01\/eco-house-36x36.png 36w\" sizes=\"(max-width: 128px) 100vw, 128px\" \/><\/div><\/div><\/div><br \/>\n<section  class='av_textblock_section av-k516bdkq-5edfdf0a33319a1e5426a241b4179d90'  itemscope=\"itemscope\" itemtype=\"https:\/\/schema.org\/CreativeWork\" ><div class='avia_textblock'  itemprop=\"text\" ><p style=\"text-align: center;\">Scopri le nostre soluzioni per <strong>ridurre i costi<\/strong> di <strong>riscaldamento<\/strong> e <strong>climatizzazione <\/strong>migliorando<strong> l&#8217;efficianza energetica<br \/>\n<\/strong><\/p>\n<\/div><\/section><br \/>\n\n<style type=\"text\/css\" data-created_by=\"avia_inline_auto\" id=\"style-css-av-k517zln5-b7bb0e46159ac93e628a5dea0207d370\">\n.av_font_icon.av-k517zln5-b7bb0e46159ac93e628a5dea0207d370{\ncolor:#68bf3d;\nborder-color:#68bf3d;\n}\n.av_font_icon.av-k517zln5-b7bb0e46159ac93e628a5dea0207d370 .av-icon-char{\nfont-size:40px;\nline-height:40px;\n}\n<\/style>\n<span  class='av_font_icon av-k517zln5-b7bb0e46159ac93e628a5dea0207d370 avia_animate_when_visible av-icon-style- avia-icon-pos-center'><a href='https:\/\/tecnovagroup.com\/home\/'  class='av-icon-char' aria-hidden='true' data-av_icon='\ue889' data-av_iconfont='entypo-fontello' ><\/a><\/span><\/p><\/div>\n<\/div><\/div>\n<style type=\"text\/css\" data-created_by=\"avia_inline_auto\" id=\"style-css-av-k517af1t-7c00e3b404b06afbf86ce127823165f0\">\n.flex_cell.av-k517af1t-7c00e3b404b06afbf86ce127823165f0{\nvertical-align:top;\n}\n.responsive #top #wrap_all .flex_cell.av-k517af1t-7c00e3b404b06afbf86ce127823165f0{\npadding:50px 50px 50px 50px !important;\n}\n<\/style>\n<div class='flex_cell av-k517af1t-7c00e3b404b06afbf86ce127823165f0 av-gridrow-cell av_one_third no_margin' ><div class='flex_cell_inner'>\n<style type=\"text\/css\" data-created_by=\"avia_inline_auto\" id=\"style-css-av-av_one_full-1e26125d131ba13f1accaa8241be1528\">\n.flex_column.av-av_one_full-1e26125d131ba13f1accaa8241be1528{\n-webkit-border-radius:0px 0px 0px 0px;\n-moz-border-radius:0px 0px 0px 0px;\nborder-radius:0px 0px 0px 0px;\npadding:0px 0px 0px 0px;\n}\n<\/style>\n<div class='flex_column av-av_one_full-1e26125d131ba13f1accaa8241be1528 av_one_full first flex_column_div av-zero-column-padding '     ><p>\n<style type=\"text\/css\" data-created_by=\"avia_inline_auto\" id=\"style-css-av-k5161b3h-cf19a0c6d590dce699590e2061ccbf27\">\n#top .av-special-heading.av-k5161b3h-cf19a0c6d590dce699590e2061ccbf27{\npadding-bottom:10px;\n}\nbody .av-special-heading.av-k5161b3h-cf19a0c6d590dce699590e2061ccbf27 .av-special-heading-tag .heading-char{\nfont-size:25px;\n}\n.av-special-heading.av-k5161b3h-cf19a0c6d590dce699590e2061ccbf27 .av-subheading{\nfont-size:15px;\n}\n\n@media only screen and (min-width: 768px) and (max-width: 989px){ \n#top #wrap_all .av-special-heading.av-k5161b3h-cf19a0c6d590dce699590e2061ccbf27 .av-special-heading-tag{\nfont-size:30px;\n}\n}\n\n@media only screen and (min-width: 480px) and (max-width: 767px){ \n#top #wrap_all .av-special-heading.av-k5161b3h-cf19a0c6d590dce699590e2061ccbf27 .av-special-heading-tag{\nfont-size:26px;\n}\n}\n\n@media only screen and (max-width: 479px){ \n#top #wrap_all .av-special-heading.av-k5161b3h-cf19a0c6d590dce699590e2061ccbf27 .av-special-heading-tag{\nfont-size:26px;\n}\n}\n<\/style>\n<div  class='av-special-heading av-k5161b3h-cf19a0c6d590dce699590e2061ccbf27 av-special-heading-h2 blockquote modern-quote modern-centered'><h2 class='av-special-heading-tag'  itemprop=\"headline\"  >La tua casa \u00e8 attaccata da agenti esterni?<\/h2><div class=\"special-heading-border\"><div class=\"special-heading-inner-border\"><\/div><\/div><\/div><br \/>\n\n<style type=\"text\/css\" data-created_by=\"avia_inline_auto\" id=\"style-css-av-k5158wu6-a4c751e0e8d4e1585644e113e1584a9b\">\n.avia-image-container.av-k5158wu6-a4c751e0e8d4e1585644e113e1584a9b img.avia_image{\nbox-shadow:none;\n}\n.avia-image-container.av-k5158wu6-a4c751e0e8d4e1585644e113e1584a9b .av-image-caption-overlay-center{\ncolor:#ffffff;\n}\n<\/style>\n<div  class='avia-image-container av-k5158wu6-a4c751e0e8d4e1585644e113e1584a9b av-styling- avia-align-center'   itemprop=\"image\" itemscope=\"itemscope\" itemtype=\"https:\/\/schema.org\/ImageObject\" ><div class=\"avia-image-container-inner\"><div class=\"avia-image-overlay-wrap\"><img decoding=\"async\" class='wp-image-10315 avia-img-lazy-loading-not-10315 avia_image ' src=\"https:\/\/tecnovagroup.com\/wp-content\/uploads\/2020\/01\/ecology.png\" alt='' title='ecology'  height=\"128\" width=\"128\"  itemprop=\"thumbnailUrl\" srcset=\"https:\/\/tecnovagroup.com\/wp-content\/uploads\/2020\/01\/ecology.png 128w, https:\/\/tecnovagroup.com\/wp-content\/uploads\/2020\/01\/ecology-100x100.png 100w, https:\/\/tecnovagroup.com\/wp-content\/uploads\/2020\/01\/ecology-80x80.png 80w, https:\/\/tecnovagroup.com\/wp-content\/uploads\/2020\/01\/ecology-36x36.png 36w\" sizes=\"(max-width: 128px) 100vw, 128px\" \/><\/div><\/div><\/div><br \/>\n<section  class='av_textblock_section av-k516bdkq-5edfdf0a33319a1e5426a241b4179d90'  itemscope=\"itemscope\" itemtype=\"https:\/\/schema.org\/CreativeWork\" ><div class='avia_textblock'  itemprop=\"text\" ><p style=\"text-align: center;\">Scopri le nostre soluzioni per proteggerla da <strong>umidit\u00e0 da risalita, acqua, freddo e calore solare<\/strong><\/p>\n<\/div><\/section><br \/>\n\n<style type=\"text\/css\" data-created_by=\"avia_inline_auto\" id=\"style-css-av-k517zln5-b7bb0e46159ac93e628a5dea0207d370\">\n.av_font_icon.av-k517zln5-b7bb0e46159ac93e628a5dea0207d370{\ncolor:#68bf3d;\nborder-color:#68bf3d;\n}\n.av_font_icon.av-k517zln5-b7bb0e46159ac93e628a5dea0207d370 .av-icon-char{\nfont-size:40px;\nline-height:40px;\n}\n<\/style>\n<span  class='av_font_icon av-k517zln5-b7bb0e46159ac93e628a5dea0207d370 avia_animate_when_visible av-icon-style- avia-icon-pos-center'><a href='https:\/\/tecnovagroup.com\/home\/'  class='av-icon-char' aria-hidden='true' data-av_icon='\ue889' data-av_iconfont='entypo-fontello' ><\/a><\/span><\/p><\/div>\n<\/div><\/div>\n<style type=\"text\/css\" data-created_by=\"avia_inline_auto\" id=\"style-css-av-k517an8t-e563688b2e3f4e1c506cdec494700b36\">\n.flex_cell.av-k517an8t-e563688b2e3f4e1c506cdec494700b36{\nvertical-align:top;\n}\n.responsive #top #wrap_all .flex_cell.av-k517an8t-e563688b2e3f4e1c506cdec494700b36{\npadding:50px 50px 50px 50px !important;\n}\n<\/style>\n<div class='flex_cell av-k517an8t-e563688b2e3f4e1c506cdec494700b36 av-gridrow-cell av_one_third no_margin' ><div class='flex_cell_inner'>\n<style type=\"text\/css\" data-created_by=\"avia_inline_auto\" id=\"style-css-av-av_one_full-1e26125d131ba13f1accaa8241be1528\">\n.flex_column.av-av_one_full-1e26125d131ba13f1accaa8241be1528{\n-webkit-border-radius:0px 0px 0px 0px;\n-moz-border-radius:0px 0px 0px 0px;\nborder-radius:0px 0px 0px 0px;\npadding:0px 0px 0px 0px;\n}\n<\/style>\n<div class='flex_column av-av_one_full-1e26125d131ba13f1accaa8241be1528 av_one_full first flex_column_div av-zero-column-padding '     ><p>\n<style type=\"text\/css\" data-created_by=\"avia_inline_auto\" id=\"style-css-av-k5161b3h-11fc5a75b24706fdf1781dd99151cbd7\">\n#top .av-special-heading.av-k5161b3h-11fc5a75b24706fdf1781dd99151cbd7{\npadding-bottom:10px;\n}\nbody .av-special-heading.av-k5161b3h-11fc5a75b24706fdf1781dd99151cbd7 .av-special-heading-tag .heading-char{\nfont-size:25px;\n}\n.av-special-heading.av-k5161b3h-11fc5a75b24706fdf1781dd99151cbd7 .av-subheading{\nfont-size:15px;\n}\n\n@media only screen and (min-width: 768px) and (max-width: 989px){ \n#top #wrap_all .av-special-heading.av-k5161b3h-11fc5a75b24706fdf1781dd99151cbd7 .av-special-heading-tag{\nfont-size:30px;\n}\n}\n\n@media only screen and (min-width: 480px) and (max-width: 767px){ \n#top #wrap_all .av-special-heading.av-k5161b3h-11fc5a75b24706fdf1781dd99151cbd7 .av-special-heading-tag{\nfont-size:26px;\n}\n}\n\n@media only screen and (max-width: 479px){ \n#top #wrap_all .av-special-heading.av-k5161b3h-11fc5a75b24706fdf1781dd99151cbd7 .av-special-heading-tag{\nfont-size:26px;\n}\n}\n<\/style>\n<div  class='av-special-heading av-k5161b3h-11fc5a75b24706fdf1781dd99151cbd7 av-special-heading-h2 blockquote modern-quote modern-centered'><h2 class='av-special-heading-tag'  itemprop=\"headline\"  >Nella tua casa sono presenti muffe?<\/h2><div class=\"special-heading-border\"><div class=\"special-heading-inner-border\"><\/div><\/div><\/div><br \/>\n\n<style type=\"text\/css\" data-created_by=\"avia_inline_auto\" id=\"style-css-av-k5158wu6-b3b41d180ac5bd649b1f4a8003f1a5fe\">\n.avia-image-container.av-k5158wu6-b3b41d180ac5bd649b1f4a8003f1a5fe img.avia_image{\nbox-shadow:none;\n}\n.avia-image-container.av-k5158wu6-b3b41d180ac5bd649b1f4a8003f1a5fe .av-image-caption-overlay-center{\ncolor:#ffffff;\n}\n<\/style>\n<div  class='avia-image-container av-k5158wu6-b3b41d180ac5bd649b1f4a8003f1a5fe av-styling- avia-align-center'   itemprop=\"image\" itemscope=\"itemscope\" itemtype=\"https:\/\/schema.org\/ImageObject\" ><div class=\"avia-image-container-inner\"><div class=\"avia-image-overlay-wrap\"><img decoding=\"async\" class='wp-image-10316 avia-img-lazy-loading-not-10316 avia_image ' src=\"https:\/\/tecnovagroup.com\/wp-content\/uploads\/2020\/01\/idea.png\" alt='' title='idea'  height=\"128\" width=\"128\"  itemprop=\"thumbnailUrl\" srcset=\"https:\/\/tecnovagroup.com\/wp-content\/uploads\/2020\/01\/idea.png 128w, https:\/\/tecnovagroup.com\/wp-content\/uploads\/2020\/01\/idea-100x100.png 100w, https:\/\/tecnovagroup.com\/wp-content\/uploads\/2020\/01\/idea-80x80.png 80w, https:\/\/tecnovagroup.com\/wp-content\/uploads\/2020\/01\/idea-36x36.png 36w\" sizes=\"(max-width: 128px) 100vw, 128px\" \/><\/div><\/div><\/div><br \/>\n<section  class='av_textblock_section av-k516bdkq-5edfdf0a33319a1e5426a241b4179d90'  itemscope=\"itemscope\" itemtype=\"https:\/\/schema.org\/CreativeWork\" ><div class='avia_textblock'  itemprop=\"text\" ><p style=\"text-align: center;\">Scopri le nostre soluzioni per <strong>eliminare il problema<\/strong>, <strong>purificare l&#8217;aria<\/strong> e <strong>prenderci cura<\/strong> del <strong>tuo benessere<br \/>\n<\/strong><\/p>\n<\/div><\/section><br \/>\n\n<style type=\"text\/css\" data-created_by=\"avia_inline_auto\" id=\"style-css-av-k517zln5-b7bb0e46159ac93e628a5dea0207d370\">\n.av_font_icon.av-k517zln5-b7bb0e46159ac93e628a5dea0207d370{\ncolor:#68bf3d;\nborder-color:#68bf3d;\n}\n.av_font_icon.av-k517zln5-b7bb0e46159ac93e628a5dea0207d370 .av-icon-char{\nfont-size:40px;\nline-height:40px;\n}\n<\/style>\n<span  class='av_font_icon av-k517zln5-b7bb0e46159ac93e628a5dea0207d370 avia_animate_when_visible av-icon-style- avia-icon-pos-center'><a href='https:\/\/tecnovagroup.com\/home\/'  class='av-icon-char' aria-hidden='true' data-av_icon='\ue889' data-av_iconfont='entypo-fontello' ><\/a><\/span><\/p><\/div>\n<\/div><\/div><\/div><\/div><\/div><\/div><!-- close content main div --><\/div><\/div><div id='av-layout-grid-3'  class='av-layout-grid-container av-av_layout_row-6112df51e9bcf489e094b4f60fe5d9ab entry-content-wrapper main_color av-flex-cells  container_wrap sidebar_right'  >\n\n<style type=\"text\/css\" data-created_by=\"avia_inline_auto\" id=\"style-css-av-k518dcvf-0b2567ec8090d1ecfb353731b5d8108b\">\n.flex_cell.av-k518dcvf-0b2567ec8090d1ecfb353731b5d8108b{\nvertical-align:top;\n}\n.responsive #top #wrap_all .flex_cell.av-k518dcvf-0b2567ec8090d1ecfb353731b5d8108b{\npadding:50px 50px 50px 50px !important;\n}\n<\/style>\n<div class='flex_cell av-k518dcvf-0b2567ec8090d1ecfb353731b5d8108b av-gridrow-cell av_one_half no_margin' ><div class='flex_cell_inner'>\n<style type=\"text\/css\" data-created_by=\"avia_inline_auto\" id=\"style-css-av-av_one_full-1e26125d131ba13f1accaa8241be1528\">\n.flex_column.av-av_one_full-1e26125d131ba13f1accaa8241be1528{\n-webkit-border-radius:0px 0px 0px 0px;\n-moz-border-radius:0px 0px 0px 0px;\nborder-radius:0px 0px 0px 0px;\npadding:0px 0px 0px 0px;\n}\n<\/style>\n<div class='flex_column av-av_one_full-1e26125d131ba13f1accaa8241be1528 av_one_full first flex_column_div av-zero-column-padding '     ><style type=\"text\/css\" data-created_by=\"avia_inline_auto\" id=\"style-css-av-k518cjvb-550efdc02617ccb6bb4c01b296d10646\">\n.avia-image-container.av-k518cjvb-550efdc02617ccb6bb4c01b296d10646 img.avia_image{\nbox-shadow:none;\n}\n.avia-image-container.av-k518cjvb-550efdc02617ccb6bb4c01b296d10646 .av-image-caption-overlay-center{\ncolor:#ffffff;\n}\n<\/style>\n<div  class='avia-image-container av-k518cjvb-550efdc02617ccb6bb4c01b296d10646 av-styling- avia-align-center'   itemprop=\"image\" itemscope=\"itemscope\" itemtype=\"https:\/\/schema.org\/ImageObject\" ><div class=\"avia-image-container-inner\"><div class=\"avia-image-overlay-wrap\"><img decoding=\"async\" class='wp-image- avia-img-lazy-loading-not- avia_image ' src=\"https:\/\/tecnovagroup.com\/wp-content\/uploads\/2020\/01\/tecnova-group.jpg\" alt='' title=''   itemprop=\"thumbnailUrl\"  \/><\/div><\/div><\/div><\/div>\n<\/div><\/div>\n<style type=\"text\/css\" data-created_by=\"avia_inline_auto\" id=\"style-css-av-k518dgeq-9502c21178a6a1035c58f340976360c8\">\n.flex_cell.av-k518dgeq-9502c21178a6a1035c58f340976360c8{\nvertical-align:top;\n}\n.responsive #top #wrap_all .flex_cell.av-k518dgeq-9502c21178a6a1035c58f340976360c8{\npadding:50px 50px 50px 50px !important;\n}\n<\/style>\n<div class='flex_cell av-k518dgeq-9502c21178a6a1035c58f340976360c8 av-gridrow-cell av_one_half no_margin' ><div class='flex_cell_inner'>\n<style type=\"text\/css\" data-created_by=\"avia_inline_auto\" id=\"style-css-av-av_one_full-1e26125d131ba13f1accaa8241be1528\">\n.flex_column.av-av_one_full-1e26125d131ba13f1accaa8241be1528{\n-webkit-border-radius:0px 0px 0px 0px;\n-moz-border-radius:0px 0px 0px 0px;\nborder-radius:0px 0px 0px 0px;\npadding:0px 0px 0px 0px;\n}\n<\/style>\n<div class='flex_column av-av_one_full-1e26125d131ba13f1accaa8241be1528 av_one_full first flex_column_div av-zero-column-padding '     ><p>\n<style type=\"text\/css\" data-created_by=\"avia_inline_auto\" id=\"style-css-av-k5186uh7-69ea684a862063e5a49a1576bd4afb3a\">\n#top .av-special-heading.av-k5186uh7-69ea684a862063e5a49a1576bd4afb3a{\npadding-bottom:0;\n}\nbody .av-special-heading.av-k5186uh7-69ea684a862063e5a49a1576bd4afb3a .av-special-heading-tag .heading-char{\nfont-size:25px;\n}\n.av-special-heading.av-k5186uh7-69ea684a862063e5a49a1576bd4afb3a .av-subheading{\nfont-size:15px;\n}\n<\/style>\n<div  class='av-special-heading av-k5186uh7-69ea684a862063e5a49a1576bd4afb3a av-special-heading-h2 blockquote modern-quote'><h2 class='av-special-heading-tag'  itemprop=\"headline\"  >Tecnova Group,<\/BR>lo specialista degli edifici<\/h2><div class=\"special-heading-border\"><div class=\"special-heading-inner-border\"><\/div><\/div><\/div><br \/>\n<section  class='av_textblock_section av-k5188ldk-f93c3cac45a3047b7fa5a6cc951009aa'  itemscope=\"itemscope\" itemtype=\"https:\/\/schema.org\/CreativeWork\" ><div class='avia_textblock'  itemprop=\"text\" ><p>Tecnova Group \u00e8 un\u2019azienda giovane e dinamica che propone soluzioni tecnologiche per settori quali il risparmio energetico, la protezione e il consolidamento degli edifici, la deumidificazione e il comfort abitativo. In pochi anni l\u2019azienda \u00e8 diventata, in tali ambiti, un importante punto di riferimento per gli operatori, in particolare per architetti, progettisti e imprese edili. Presente in tutto il mondo con numerosi e diversificati interventi applicativi, opera anche all\u2019estero attraverso Tecnova International.<\/p>\n<p>La mission di Tecnova Group \u00e8 ricercare, testare e proporre nuove opportunit\u00e0 non solo per migliorare il patrimonio edilizio rendendolo pi\u00f9 duraturo, pi\u00f9 resistente e pi\u00f9 salubre, ma anche pi\u00f9 sicuro e pi\u00f9 ecologico. L\u2019azienda inoltre si basa sui valori del rispetto ambientale e dell\u2019eco-compatibilit\u00e0. Oltre a questo, pone grande attenzione verso l\u2019innovazione tecnologica ed \u00e8 capace di procedere oltre l\u2019acquisito per individuare nuove soluzioni a vecchi problemi irrisolti.<\/p>\n<\/div><\/section><br \/>\n<div  class='avia-button-wrap av-k518ms4y-06570cf2a09e397c86fecefd3161f643-wrap avia-button-left '>\n<style type=\"text\/css\" data-created_by=\"avia_inline_auto\" id=\"style-css-av-k518ms4y-06570cf2a09e397c86fecefd3161f643\">\n#top #wrap_all .avia-button.av-k518ms4y-06570cf2a09e397c86fecefd3161f643{\nbackground-color:#6ec941;\nborder-color:#6ec941;\ncolor:#ffffff;\n-webkit-transition:all 0.4s ease-in-out;\n-moz-transition:all 0.4s ease-in-out;\n-ms-transition:all 0.4s ease-in-out;\n-o-transition:all 0.4s ease-in-out;\ntransition:all 0.4s ease-in-out;\n}\n<\/style>\n<a href='https:\/\/tecnovagroup.com\/download\/wp-content\/uploads\/\/documents\/tecnova\/company_profile.pdf' class='avia-button av-k518ms4y-06570cf2a09e397c86fecefd3161f643 avia-icon_select-no avia-size-medium avia-position-left' target=\"_blank\" rel=\"noopener noreferrer\"><span class='avia_iconbox_title' >Sfoglia il nostro Company Profile<\/span><\/a><\/div><\/p><\/div>\n<\/div><\/div><\/div><\/p>\n","protected":false},"excerpt":{"rendered":"","protected":false},"author":5,"featured_media":10525,"parent":0,"menu_order":0,"comment_status":"closed","ping_status":"closed","template":"","meta":[],"_links":{"self":[{"href":"https:\/\/tecnovagroup.com\/en\/wp-json\/wp\/v2\/pages\/10359"}],"collection":[{"href":"https:\/\/tecnovagroup.com\/en\/wp-json\/wp\/v2\/pages"}],"about":[{"href":"https:\/\/tecnovagroup.com\/en\/wp-json\/wp\/v2\/types\/page"}],"author":[{"embeddable":true,"href":"https:\/\/tecnovagroup.com\/en\/wp-json\/wp\/v2\/users\/5"}],"replies":[{"embeddable":true,"href":"https:\/\/tecnovagroup.com\/en\/wp-json\/wp\/v2\/comments?post=10359"}],"version-history":[{"count":2,"href":"https:\/\/tecnovagroup.com\/en\/wp-json\/wp\/v2\/pages\/10359\/revisions"}],"predecessor-version":[{"id":12595,"href":"https:\/\/tecnovagroup.com\/en\/wp-json\/wp\/v2\/pages\/10359\/revisions\/12595"}],"wp:featuredmedia":[{"embeddable":true,"href":"https:\/\/tecnovagroup.com\/en\/wp-json\/wp\/v2\/media\/10525"}],"wp:attachment":[{"href":"https:\/\/tecnovagroup.com\/en\/wp-json\/wp\/v2\/media?parent=10359"}],"curies":[{"name":"wp","href":"https:\/\/api.w.org\/{rel}","templated":true}]}}